{"id":377,"date":"2024-05-23T14:35:23","date_gmt":"2024-05-23T14:35:23","guid":{"rendered":"http:\/\/terraway.rs\/?page_id=377"},"modified":"2024-05-26T14:19:38","modified_gmt":"2024-05-26T14:19:38","slug":"odrzavanje","status":"publish","type":"page","link":"https:\/\/terraway.rs\/?page_id=377","title":{"rendered":"Odr\u017eavanje"},"content":{"rendered":"[vc_row type=&#8221;full_width_background&#8221; full_screen_row_position=&#8221;middle&#8221; column_margin=&#8221;none&#8221; column_direction=&#8221;default&#8221; column_direction_tablet=&#8221;default&#8221; column_direction_phone=&#8221;default&#8221; bg_image=&#8221;383&#8243; bg_position=&#8221;center center&#8221; background_image_loading=&#8221;skip-lazy-load&#8221; bg_repeat=&#8221;no-repeat&#8221; scene_position=&#8221;center&#8221; top_padding=&#8221;222&#8243; bottom_padding=&#8221;111&#8243; top_padding_tablet=&#8221;30%&#8221; constrain_group_3=&#8221;yes&#8221; bottom_padding_tablet=&#8221;30%&#8221; top_padding_phone=&#8221;40%&#8221; constrain_group_5=&#8221;yes&#8221; bottom_padding_phone=&#8221;40%&#8221; text_color=&#8221;custom&#8221; text_align=&#8221;left&#8221; row_border_radius=&#8221;none&#8221; row_border_radius_applies=&#8221;bg&#8221; color_overlay=&#8221;#000000&#8243; overlay_strength=&#8221;0.3&#8243; gradient_direction=&#8221;radial&#8221; enable_shape_divider=&#8221;true&#8221; shape_divider_color=&#8221;#4f6f52&#8243; shape_divider_position=&#8221;both&#8221; shape_divider_height=&#8221;44&#8243; shape_divider_bring_to_front=&#8221;true&#8221; bg_image_animation=&#8221;zoom-out&#8221; parallax_bg=&#8221;true&#8221; parallax_bg_speed=&#8221;fast&#8221; shape_type=&#8221;tilt_alt&#8221;][vc_column column_padding=&#8221;no-extra-padding&#8221; column_padding_tablet=&#8221;inherit&#8221; column_padding_phone=&#8221;inherit&#8221; column_padding_position=&#8221;all&#8221; column_element_spacing=&#8221;0px&#8221; background_color_opacity=&#8221;1&#8243; background_hover_color_opacity=&#8221;1&#8243; column_shadow=&#8221;none&#8221; column_border_radius=&#8221;none&#8221; column_link_target=&#8221;_self&#8221; gradient_direction=&#8221;radial&#8221; overlay_strength=&#8221;0.3&#8243; width=&#8221;1\/1&#8243; tablet_width_inherit=&#8221;default&#8221; tablet_text_alignment=&#8221;default&#8221; phone_text_alignment=&#8221;center&#8221; bg_image_animation=&#8221;zoom-out-reveal&#8221; parallax_bg=&#8221;true&#8221; parallax_bg_speed=&#8221;fast&#8221; border_type=&#8221;simple&#8221; column_border_width=&#8221;none&#8221; column_border_style=&#8221;solid&#8221;][vc_row_inner column_margin=&#8221;default&#8221; column_direction=&#8221;default&#8221; column_direction_tablet=&#8221;default&#8221; column_direction_phone=&#8221;default&#8221; top_padding=&#8221;77&#8243; bottom_padding=&#8221;222&#8243; text_align=&#8221;left&#8221;][vc_column_inner column_padding=&#8221;no-extra-padding&#8221; column_padding_tablet=&#8221;inherit&#8221; column_padding_phone=&#8221;inherit&#8221; column_padding_position=&#8221;top&#8221; column_element_spacing=&#8221;default&#8221; background_color_opacity=&#8221;1&#8243; background_hover_color_opacity=&#8221;1&#8243; font_color=&#8221;#f5efe6&#8243; column_shadow=&#8221;none&#8221; column_border_radius=&#8221;none&#8221; column_link_target=&#8221;_self&#8221; gradient_direction=&#8221;left_to_right&#8221; overlay_strength=&#8221;0.3&#8243; width=&#8221;1\/1&#8243; tablet_width_inherit=&#8221;default&#8221; bg_image_animation=&#8221;none&#8221; border_type=&#8221;simple&#8221; column_border_width=&#8221;none&#8221; column_border_style=&#8221;solid&#8221;][split_line_heading animation_type=&#8221;default&#8221;]\n<h1>Odr\u017eavanje<\/h1>\n[\/split_line_heading][\/vc_column_inner][\/vc_row_inner][\/vc_column][\/vc_row][vc_row type=&#8221;in_container&#8221; full_screen_row_position=&#8221;middle&#8221; column_margin=&#8221;default&#8221; column_direction=&#8221;default&#8221; column_direction_tablet=&#8221;default&#8221; column_direction_phone=&#8221;default&#8221; scene_position=&#8221;center&#8221; top_padding=&#8221;77&#8243; constrain_group_1=&#8221;yes&#8221; bottom_padding=&#8221;77&#8243; text_color=&#8221;dark&#8221; text_align=&#8221;left&#8221; row_border_radius=&#8221;none&#8221; row_border_radius_applies=&#8221;bg&#8221; overlay_strength=&#8221;0.3&#8243; gradient_direction=&#8221;left_to_right&#8221; enable_shape_divider=&#8221;true&#8221; shape_divider_color=&#8221;#4f6f52&#8243; shape_divider_position=&#8221;both&#8221; shape_divider_height=&#8221;44&#8243; shape_divider_bring_to_front=&#8221;true&#8221; bg_image_animation=&#8221;none&#8221; shape_type=&#8221;tilt&#8221;][vc_column column_padding=&#8221;no-extra-padding&#8221; column_padding_tablet=&#8221;inherit&#8221; column_padding_phone=&#8221;inherit&#8221; column_padding_position=&#8221;all&#8221; column_element_spacing=&#8221;default&#8221; background_color_opacity=&#8221;1&#8243; background_hover_color_opacity=&#8221;1&#8243; column_shadow=&#8221;none&#8221; column_border_radius=&#8221;none&#8221; column_link_target=&#8221;_self&#8221; gradient_direction=&#8221;left_to_right&#8221; overlay_strength=&#8221;0.3&#8243; width=&#8221;1\/1&#8243; tablet_width_inherit=&#8221;default&#8221; tablet_text_alignment=&#8221;default&#8221; phone_text_alignment=&#8221;default&#8221; bg_image_animation=&#8221;none&#8221; border_type=&#8221;simple&#8221; column_border_width=&#8221;none&#8221; column_border_style=&#8221;solid&#8221;][vc_column_text]\n<h3>Izdr\u017eljivost i otpornost TerraWay povr\u0161ina omoguc\u0301ava dug \u017eivotni ciklus, posebno u kombinaciji sa adekvatnim odr\u017eavanjem. \u010cak i ako do\u0111e do o\u0161tec\u0301enja, povr\u0161ina ne mora biti zamenjena u velikim razmerama, vec\u0301 se mo\u017ee popraviti lokalno. Ako je povr\u0161ina istro\u0161ena habanjem i UV zra\u010denjem, mo\u017ee se osve\u017eiti. Pobolj\u0161anje \u017eivotnog ciklusa nije samo u korist vlasnika, vec\u0301 i \u0161titi \u017eivotnu sredinu uz izbegavanje otpada. Njegova odr\u017eivost je tako\u0111e vidljiva u odr\u017eavanju, po\u0161to su normalne (fizi\u010dke) metode \u010di\u0161c\u0301enja generalno dovoljne, a ve\u0161ta\u010dki deterd\u017eenti su retko potrebni za \u010di\u0161c\u0301enje povr\u0161ine.<\/h3>\n[\/vc_column_text][\/vc_column][\/vc_row][vc_row type=&#8221;in_container&#8221; full_screen_row_position=&#8221;middle&#8221; column_margin=&#8221;default&#8221; column_direction=&#8221;default&#8221; column_direction_tablet=&#8221;default&#8221; column_direction_phone=&#8221;default&#8221; scene_position=&#8221;center&#8221; top_padding=&#8221;77&#8243; constrain_group_1=&#8221;yes&#8221; bottom_padding=&#8221;77&#8243; text_color=&#8221;dark&#8221; text_align=&#8221;left&#8221; row_border_radius=&#8221;none&#8221; row_border_radius_applies=&#8221;bg&#8221; overlay_strength=&#8221;0.3&#8243; gradient_direction=&#8221;left_to_right&#8221; enable_shape_divider=&#8221;true&#8221; shape_divider_color=&#8221;#4f6f52&#8243; shape_divider_position=&#8221;both&#8221; shape_divider_height=&#8221;44&#8243; shape_divider_bring_to_front=&#8221;true&#8221; bg_image_animation=&#8221;none&#8221; shape_type=&#8221;tilt&#8221;][vc_column column_padding=&#8221;no-extra-padding&#8221; column_padding_tablet=&#8221;inherit&#8221; column_padding_phone=&#8221;inherit&#8221; column_padding_position=&#8221;all&#8221; column_element_spacing=&#8221;default&#8221; background_color_opacity=&#8221;1&#8243; background_hover_color_opacity=&#8221;1&#8243; column_shadow=&#8221;none&#8221; column_border_radius=&#8221;none&#8221; column_link_target=&#8221;_self&#8221; gradient_direction=&#8221;left_to_right&#8221; overlay_strength=&#8221;0.3&#8243; width=&#8221;1\/1&#8243; tablet_width_inherit=&#8221;default&#8221; tablet_text_alignment=&#8221;default&#8221; phone_text_alignment=&#8221;default&#8221; bg_image_animation=&#8221;none&#8221; border_type=&#8221;simple&#8221; column_border_width=&#8221;none&#8221; column_border_style=&#8221;solid&#8221;][vc_row_inner column_margin=&#8221;default&#8221; column_direction=&#8221;default&#8221; column_direction_tablet=&#8221;default&#8221; column_direction_phone=&#8221;default&#8221; text_align=&#8221;left&#8221;][vc_column_inner column_padding=&#8221;no-extra-padding&#8221; column_padding_tablet=&#8221;inherit&#8221; column_padding_phone=&#8221;inherit&#8221; column_padding_position=&#8221;all&#8221; column_element_spacing=&#8221;default&#8221; background_color_opacity=&#8221;1&#8243; background_hover_color_opacity=&#8221;1&#8243; column_shadow=&#8221;none&#8221; column_border_radius=&#8221;none&#8221; column_link_target=&#8221;_self&#8221; gradient_direction=&#8221;left_to_right&#8221; overlay_strength=&#8221;0.3&#8243; width=&#8221;1\/2&#8243; tablet_width_inherit=&#8221;default&#8221; bg_image_animation=&#8221;none&#8221; border_type=&#8221;simple&#8221; column_border_width=&#8221;none&#8221; column_border_style=&#8221;solid&#8221;][vc_column_text]\n<h5>TerraWay ne sadr\u017ei pigmente, \u010duva prirodnu boju kamena. Propu\u0161ta vodu i vazduh zbog svoje porozne strukture. U potpunosti je otporan na UV-zra\u010denje i mraz. Sme\u017euranje materijala iznosi oko 0,1 %. U cilju o\u010duvanja ovih karakteristika preporu\u010deno je redovno \u010di\u0161\u0107enje i odra\u017eavanje povr\u0161ine.<\/h5>\n[\/vc_column_text][divider line_type=&#8221;No Line&#8221;][\/vc_column_inner][vc_column_inner column_padding=&#8221;no-extra-padding&#8221; column_padding_tablet=&#8221;inherit&#8221; column_padding_phone=&#8221;inherit&#8221; column_padding_position=&#8221;all&#8221; column_element_spacing=&#8221;default&#8221; background_color_opacity=&#8221;1&#8243; background_hover_color_opacity=&#8221;1&#8243; column_shadow=&#8221;none&#8221; column_border_radius=&#8221;none&#8221; column_link_target=&#8221;_self&#8221; gradient_direction=&#8221;left_to_right&#8221; overlay_strength=&#8221;0.3&#8243; width=&#8221;1\/2&#8243; tablet_width_inherit=&#8221;default&#8221; bg_image_animation=&#8221;none&#8221; border_type=&#8221;simple&#8221; column_border_width=&#8221;none&#8221; column_border_style=&#8221;solid&#8221;][\/vc_column_inner][\/vc_row_inner][vc_row_inner column_margin=&#8221;default&#8221; column_direction=&#8221;default&#8221; column_direction_tablet=&#8221;default&#8221; column_direction_phone=&#8221;default&#8221; constrain_group_2=&#8221;yes&#8221; text_align=&#8221;left&#8221;][vc_column_inner column_padding=&#8221;padding-4-percent&#8221; column_padding_tablet=&#8221;inherit&#8221; column_padding_phone=&#8221;inherit&#8221; column_padding_position=&#8221;right&#8221; column_element_spacing=&#8221;default&#8221; background_color_opacity=&#8221;1&#8243; background_hover_color_opacity=&#8221;1&#8243; column_shadow=&#8221;none&#8221; column_border_radius=&#8221;none&#8221; column_link_target=&#8221;_self&#8221; gradient_direction=&#8221;left_to_right&#8221; overlay_strength=&#8221;0.3&#8243; width=&#8221;1\/2&#8243; tablet_width_inherit=&#8221;default&#8221; bg_image_animation=&#8221;none&#8221; border_type=&#8221;simple&#8221; column_border_width=&#8221;none&#8221; column_border_style=&#8221;solid&#8221;][vc_column_text]<strong>\u010ci\u0161\u0107enje<\/strong><\/p>\n<p>Prilikom kori\u0161\u0107enja povr\u0161ine razni prirodni uticaji (li\u0161\u0107e, pra\u0161ina, aerosolni materijali) mogu da smanjuju vrednost propu\u0161tanja vode. Zbog toga se savetuje povremeno \u010di\u0161\u0107enje povr\u0161ine. Pre \u010di\u0161\u0107enja konsultovati sa izvo\u0111a\u010dem radova, firmom TerraWay DOO. \u010ci\u0161\u0107enje je mogu\u0107e izvesti mehani\u010dkim ma\u0161inama za \u010di\u0161\u0107enje (plasti\u010dna \u010detka, ma\u0161ina za metenje i pera\u010d pod visokim pritiskom). \u010celi\u010dne \u010detke mogu da o\u0161tete povr\u0161inu, zato se ne savetuje njihovo kori\u0161\u0107enje. U slu\u010daju \u010di\u0161\u0107enja povr\u0161ine pera\u010dem pod visokim pritiskom savetuje se rad sa pritiskom od 150 bar-a, hladnom vodom. Izbegavati kori\u0161\u0107enje sredstva za \u010di\u0161\u0107enje sa sadr\u017eajem tenzida i vrelu vodu. U slu\u010daju potrebe uklanjanja specijalnih prljav\u0161tina (pojava algi ili mahovine, jaka koncentracija kamenca, hemijska kontaminacija) mogu\u0107e je kori\u0161\u0107enje sredstva za \u010di\u0161\u0107enje, ali u svakom slu\u010daju se savetuje konsultacija sa izvo\u0111a\u010dem radova, firmom TerraWay DOO. U slu\u010daju da je povr\u0161ina jako zaprljana, proces \u010di\u0161\u0107enja je mogu\u0107e ponoviti vi\u0161e puta zaredom. Fleke od smole i katrana \u010distiti odmah po nastanku. sredstvom za odstanjivanje smole od drve\u0107a (npr. Sonax 390300 sprejom). Povr\u0161inu oprati, sredstvo naneti direktno na ne\u010disto\u0107u i obrisati krpom.<\/p>\n<p><strong>Opte<\/strong><strong>retljivost<\/strong><\/p>\n<p>Opteretljivost povr\u0161ine zavisi od primenjene debljine TerraWay\u00a0sloja i od temeljne konstrukcije. Izbegava se ta\u010dkasto optere\u0107enje i promet te\u0161kih vozila preko nje, za kvarove uzrokovane te\u0161kim vozilima (preko 1,5 tona) ne snosimo odgovornost.[\/vc_column_text][\/vc_column_inner][vc_column_inner column_padding=&#8221;no-extra-padding&#8221; column_padding_tablet=&#8221;inherit&#8221; column_padding_phone=&#8221;inherit&#8221; column_padding_position=&#8221;left&#8221; column_element_spacing=&#8221;default&#8221; background_color_opacity=&#8221;1&#8243; background_hover_color_opacity=&#8221;1&#8243; column_shadow=&#8221;none&#8221; column_border_radius=&#8221;none&#8221; column_link_target=&#8221;_self&#8221; gradient_direction=&#8221;left_to_right&#8221; overlay_strength=&#8221;0.3&#8243; width=&#8221;1\/2&#8243; tablet_width_inherit=&#8221;default&#8221; bg_image_animation=&#8221;none&#8221; border_type=&#8221;simple&#8221; column_border_width=&#8221;none&#8221; column_border_style=&#8221;solid&#8221;][vc_column_text]<strong>Dilatacija<\/strong><\/p>\n<p>Dilatacija povr\u0161ine je potrebna zbog obezbe\u0111enja termi\u010dkog kretanja &#8211; \u0161irenja i skupljenja materijala. Dilatacione razdelnice seku se posle ugradnje i stvr\u0111enja povr\u0161ine, na raskoraku od 5 metara. Aka se TerraWay\u00a0povr\u0161ina ugra\u0111uje oko stubova, \u0161ahtova, uli\u010dnog name\u0161taja ili stabla, razdelnice se seku na manjoj distanci. Razdelnice se ostavljaju prazne, nije preporu\u010deno popunjenje.<\/p>\n<p><strong>Popravke<\/strong><\/p>\n<p>O\u0161te\u0107eni delovi TerraWay povr\u0161ine mogu\u0107e je ispraviti isecanjem istih i ponovnim livenjem. U ovom slu\u010daju mogu\u0107e je razlika u boji stare i nove povr\u0161ine. Popravke vr\u0161i stru\u010dni izvo\u0111a\u010d TerraWay\u00a0DOO. Mogu\u0107e je potpuno obnavljanje povr\u0161ine posle temeljnog mehani\u010dkog \u010di\u0161\u0107enja sa specijalnom smolom, koja rezultuje potpunu rekonstrukciju esteti\u010dnih i fizi\u010dkih karakteristika povr\u0161ine.<\/p>\n<p><strong>Odr\u017eavanje TerraWay<\/strong><strong>\u00a0povr\u0161ine u zimskom periodu<\/strong><\/p>\n<p>TerraWay\u00a0povr\u0161ina je u potpunosti mrazootporna. Nije osetljiva na soljenje, mogu se koristiti razna sredstva za otklanjanje poledice na hloridnoj bazi. Nije preporu\u010dljivo me\u0161anje sredstva za otopljenje sa peskom ili sitnom rizlom. Zale\u0111eni ostaci snega otklanjaju se grtalicom sa gumenom grebalicom, ma\u0161inom za metenje ili ru\u010dnom loptom, nije dozvoljena upotreba \u010deli\u010dnih alata za lomljenje leda.<\/p>\n[\/vc_column_text][\/vc_column_inner][\/vc_row_inner][\/vc_column][\/vc_row]\n","protected":false},"excerpt":{"rendered":"<p>[vc_row type=&#8221;full_width_background&#8221; full_screen_row_position=&#8221;middle&#8221; column_margin=&#8221;none&#8221; column_direction=&#8221;default&#8221; column_direction_tablet=&#8221;default&#8221; column_direction_phone=&#8221;default&#8221; bg_image=&#8221;383&#8243; bg_position=&#8221;center center&#8221; background_image_loading=&#8221;skip-lazy-load&#8221; bg_repeat=&#8221;no-repeat&#8221; scene_position=&#8221;center&#8221; top_padding=&#8221;222&#8243; bottom_padding=&#8221;111&#8243; top_padding_tablet=&#8221;30%&#8221; constrain_group_3=&#8221;yes&#8221; bottom_padding_tablet=&#8221;30%&#8221; top_padding_phone=&#8221;40%&#8221; constrain_group_5=&#8221;yes&#8221; bottom_padding_phone=&#8221;40%&#8221; text_color=&#8221;custom&#8221; text_align=&#8221;left&#8221; row_border_radius=&#8221;none&#8221; row_border_radius_applies=&#8221;bg&#8221; color_overlay=&#8221;#000000&#8243; overlay_strength=&#8221;0.3&#8243; gradient_direction=&#8221;radial&#8221; enable_shape_divider=&#8221;true&#8221; shape_divider_color=&#8221;#4f6f52&#8243;&#8230;<\/p>\n","protected":false},"author":1,"featured_media":0,"parent":0,"menu_order":0,"comment_status":"closed","ping_status":"closed","template":"","meta":{"footnotes":""},"class_list":["post-377","page","type-page","status-publish"],"_links":{"self":[{"href":"https:\/\/terraway.rs\/index.php?rest_route=\/wp\/v2\/pages\/377","targetHints":{"allow":["GET"]}}],"collection":[{"href":"https:\/\/terraway.rs\/index.php?rest_route=\/wp\/v2\/pages"}],"about":[{"href":"https:\/\/terraway.rs\/index.php?rest_route=\/wp\/v2\/types\/page"}],"author":[{"embeddable":true,"href":"https:\/\/terraway.rs\/index.php?rest_route=\/wp\/v2\/users\/1"}],"replies":[{"embeddable":true,"href":"https:\/\/terraway.rs\/index.php?rest_route=%2Fwp%2Fv2%2Fcomments&post=377"}],"version-history":[{"count":19,"href":"https:\/\/terraway.rs\/index.php?rest_route=\/wp\/v2\/pages\/377\/revisions"}],"predecessor-version":[{"id":379,"href":"https:\/\/terraway.rs\/index.php?rest_route=\/wp\/v2\/pages\/377\/revisions\/379"}],"wp:attachment":[{"href":"https:\/\/terraway.rs\/index.php?rest_route=%2Fwp%2Fv2%2Fmedia&parent=377"}],"curies":[{"name":"wp","href":"https:\/\/api.w.org\/{rel}","templated":true}]}}