{"id":151,"date":"2024-05-22T22:26:31","date_gmt":"2024-05-22T22:26:31","guid":{"rendered":"http:\/\/terraway.rs\/?page_id=151"},"modified":"2024-05-25T17:47:27","modified_gmt":"2024-05-25T17:47:27","slug":"opis","status":"publish","type":"page","link":"https:\/\/terraway.rs\/?page_id=151","title":{"rendered":"Tehni\u010dki detalji"},"content":{"rendered":"[vc_row type=&#8221;full_width_background&#8221; full_screen_row_position=&#8221;middle&#8221; column_margin=&#8221;default&#8221; column_direction=&#8221;default&#8221; column_direction_tablet=&#8221;default&#8221; column_direction_phone=&#8221;default&#8221; bg_image=&#8221;152&#8243; bg_position=&#8221;center center&#8221; background_image_loading=&#8221;skip-lazy-load&#8221; bg_repeat=&#8221;no-repeat&#8221; scene_position=&#8221;center&#8221; top_padding=&#8221;22&#8243; bottom_padding=&#8221;111&#8243; top_padding_tablet=&#8221;30%&#8221; constrain_group_3=&#8221;yes&#8221; bottom_padding_tablet=&#8221;30%&#8221; top_padding_phone=&#8221;40%&#8221; constrain_group_5=&#8221;yes&#8221; bottom_padding_phone=&#8221;40%&#8221; text_color=&#8221;custom&#8221; text_align=&#8221;left&#8221; row_border_radius=&#8221;none&#8221; row_border_radius_applies=&#8221;bg&#8221; color_overlay=&#8221;#000000&#8243; overlay_strength=&#8221;0.3&#8243; gradient_direction=&#8221;radial&#8221; enable_shape_divider=&#8221;true&#8221; shape_divider_color=&#8221;#4f6f52&#8243; shape_divider_position=&#8221;both&#8221; shape_divider_height=&#8221;44&#8243; shape_divider_bring_to_front=&#8221;true&#8221; bg_image_animation=&#8221;zoom-out&#8221; parallax_bg=&#8221;true&#8221; parallax_bg_speed=&#8221;fast&#8221; shape_type=&#8221;tilt_alt&#8221;][vc_column column_padding=&#8221;no-extra-padding&#8221; column_padding_tablet=&#8221;inherit&#8221; column_padding_phone=&#8221;inherit&#8221; column_padding_position=&#8221;all&#8221; column_element_spacing=&#8221;0px&#8221; background_color_opacity=&#8221;1&#8243; background_hover_color_opacity=&#8221;1&#8243; column_shadow=&#8221;none&#8221; column_border_radius=&#8221;none&#8221; column_link_target=&#8221;_self&#8221; gradient_direction=&#8221;radial&#8221; overlay_strength=&#8221;0.3&#8243; width=&#8221;1\/1&#8243; tablet_width_inherit=&#8221;default&#8221; tablet_text_alignment=&#8221;default&#8221; phone_text_alignment=&#8221;center&#8221; bg_image_animation=&#8221;zoom-out-reveal&#8221; parallax_bg=&#8221;true&#8221; parallax_bg_speed=&#8221;fast&#8221; border_type=&#8221;simple&#8221; column_border_width=&#8221;none&#8221; column_border_style=&#8221;solid&#8221;][vc_row_inner column_margin=&#8221;default&#8221; column_direction=&#8221;default&#8221; column_direction_tablet=&#8221;default&#8221; column_direction_phone=&#8221;default&#8221; top_padding=&#8221;77&#8243; bottom_padding=&#8221;222&#8243; text_align=&#8221;left&#8221;][vc_column_inner column_padding=&#8221;no-extra-padding&#8221; column_padding_tablet=&#8221;inherit&#8221; column_padding_phone=&#8221;inherit&#8221; column_padding_position=&#8221;top&#8221; column_element_spacing=&#8221;default&#8221; background_color_opacity=&#8221;1&#8243; background_hover_color_opacity=&#8221;1&#8243; font_color=&#8221;#f5efe6&#8243; column_shadow=&#8221;none&#8221; column_border_radius=&#8221;none&#8221; column_link_target=&#8221;_self&#8221; gradient_direction=&#8221;left_to_right&#8221; overlay_strength=&#8221;0.3&#8243; width=&#8221;1\/1&#8243; tablet_width_inherit=&#8221;default&#8221; bg_image_animation=&#8221;none&#8221; border_type=&#8221;simple&#8221; column_border_width=&#8221;none&#8221; column_border_style=&#8221;solid&#8221;][split_line_heading animation_type=&#8221;default&#8221;]\n<h1>Tehni\u010dki<\/h1>\n<h1>detalji<\/h1>\n[\/split_line_heading][\/vc_column_inner][\/vc_row_inner][\/vc_column][\/vc_row][vc_row type=&#8221;in_container&#8221; full_screen_row_position=&#8221;middle&#8221; column_margin=&#8221;default&#8221; column_direction=&#8221;default&#8221; column_direction_tablet=&#8221;default&#8221; column_direction_phone=&#8221;default&#8221; scene_position=&#8221;center&#8221; top_padding=&#8221;77&#8243; constrain_group_1=&#8221;yes&#8221; bottom_padding=&#8221;77&#8243; text_color=&#8221;custom&#8221; custom_text_color=&#8221;#000000&#8243; text_align=&#8221;left&#8221; row_border_radius=&#8221;none&#8221; row_border_radius_applies=&#8221;bg&#8221; overlay_strength=&#8221;0.3&#8243; gradient_direction=&#8221;left_to_right&#8221; enable_shape_divider=&#8221;true&#8221; shape_divider_color=&#8221;#4f6f52&#8243; shape_divider_position=&#8221;both&#8221; shape_divider_height=&#8221;44&#8243; shape_divider_bring_to_front=&#8221;true&#8221; bg_image_animation=&#8221;none&#8221; shape_type=&#8221;tilt&#8221;][vc_column column_padding=&#8221;no-extra-padding&#8221; column_padding_tablet=&#8221;inherit&#8221; column_padding_phone=&#8221;inherit&#8221; column_padding_position=&#8221;all&#8221; column_element_spacing=&#8221;default&#8221; background_color_opacity=&#8221;1&#8243; background_hover_color_opacity=&#8221;1&#8243; column_shadow=&#8221;none&#8221; column_border_radius=&#8221;none&#8221; column_link_target=&#8221;_self&#8221; gradient_direction=&#8221;left_to_right&#8221; overlay_strength=&#8221;0.3&#8243; width=&#8221;1\/1&#8243; tablet_width_inherit=&#8221;default&#8221; tablet_text_alignment=&#8221;default&#8221; phone_text_alignment=&#8221;default&#8221; bg_image_animation=&#8221;none&#8221; border_type=&#8221;simple&#8221; column_border_width=&#8221;none&#8221; column_border_style=&#8221;solid&#8221;][vc_column_text]\n<h5>TerraWay<sup>\u00ae<\/sup> obloga se sastoji od me\u0161avine dvokomponentne epoksidne smole i rizle prirodnog kamena. TerraWay<sup>\u00ae<\/sup> rezultuje \u010dvrstu, trajnu, vodo- i paropropusnu povr\u0161inu, namenjenu za upotrebu pe\u0161a\u010dkog saobra\u0107aja. Vezivni materijal je bezbojni lepak, specijalno razvijena ve\u0161ta\u010dka dvokomponentna epoksidna smola. Agregat je sortiran, opran, sitni prirodni kamen (oblutak) ili mleveni kamen (rizla), granulacije 2\/4 mm, od tvrdih minerala &#8211; silikata: kvarcni pesak, kvarc, mleveni bazalt i granit. Ugra\u0111uje se bez aditiva i farbanja ili pigmentisanja, posle ugradnje ima trajan izgled prirodnog \u0161ljun\u010danog zastora.<br \/>\nEkolo\u0161ke prednosti: mogu\u0107nost recikla\u017ee, nije opasan za \u017eivotnu sredinu, neutralan uticaj na podzemne vode (Laga Z0), vodo- i paroproustljiv, ubla\u017euje \u0161umove saobra\u0107aja, ima pogodan efekat na mikroklimu (manje se zagreva na visokim letnjim temperaturama), smanjuje koli\u010dinu fine pra\u0161ine u vazduhu.<br \/>\nNezapaljiv materijal.<br \/>\nSkupljanje oko 0,1 %.<\/h5>\n[\/vc_column_text][\/vc_column][\/vc_row][vc_row type=&#8221;in_container&#8221; full_screen_row_position=&#8221;middle&#8221; column_margin=&#8221;default&#8221; column_direction=&#8221;default&#8221; column_direction_tablet=&#8221;default&#8221; column_direction_phone=&#8221;default&#8221; scene_position=&#8221;center&#8221; top_padding=&#8221;77&#8243; constrain_group_1=&#8221;yes&#8221; bottom_padding=&#8221;77&#8243; text_color=&#8221;dark&#8221; text_align=&#8221;left&#8221; row_border_radius=&#8221;none&#8221; row_border_radius_applies=&#8221;bg&#8221; overlay_strength=&#8221;0.3&#8243; gradient_direction=&#8221;left_to_right&#8221; enable_shape_divider=&#8221;true&#8221; shape_divider_color=&#8221;#4f6f52&#8243; shape_divider_position=&#8221;both&#8221; shape_divider_height=&#8221;44&#8243; shape_divider_bring_to_front=&#8221;true&#8221; bg_image_animation=&#8221;none&#8221; shape_type=&#8221;tilt&#8221;][vc_column column_padding=&#8221;no-extra-padding&#8221; column_padding_tablet=&#8221;inherit&#8221; column_padding_phone=&#8221;inherit&#8221; column_padding_position=&#8221;all&#8221; column_element_spacing=&#8221;default&#8221; background_color_opacity=&#8221;1&#8243; background_hover_color_opacity=&#8221;1&#8243; column_shadow=&#8221;none&#8221; column_border_radius=&#8221;none&#8221; column_link_target=&#8221;_self&#8221; gradient_direction=&#8221;left_to_right&#8221; overlay_strength=&#8221;0.3&#8243; width=&#8221;1\/1&#8243; tablet_width_inherit=&#8221;default&#8221; tablet_text_alignment=&#8221;default&#8221; phone_text_alignment=&#8221;default&#8221; bg_image_animation=&#8221;none&#8221; border_type=&#8221;simple&#8221; column_border_width=&#8221;none&#8221; column_border_style=&#8221;solid&#8221;][nectar_animated_title heading_tag=&#8221;h2&#8243; style=&#8221;color-strip-reveal&#8221; color=&#8221;Accent-Color&#8221; text_color=&#8221;#f5efe6&#8243; text=&#8221;Mehani\u010dke i fizi\u010dke karakteristike&#8221;][vc_column_text]\n<table>\n<tbody>\n<tr>\n<td width=\"202\">OSNOVNE KARAKTERISTIKE<\/td>\n<td width=\"202\">OBLUTAK<\/td>\n<td width=\"202\">RIZLA<\/td>\n<\/tr>\n<tr>\n<td width=\"202\">Zatezna \u010dvrsto\u0107a<\/td>\n<td width=\"202\">min. 3,6 Mpa<\/td>\n<td width=\"202\">min. 3,0 Mpa<\/td>\n<\/tr>\n<tr>\n<td width=\"202\">Otpornost na pritisak<\/td>\n<td width=\"202\">min. 200 N\/mm<\/td>\n<td width=\"202\">min. 150 N\/mm<\/td>\n<\/tr>\n<tr>\n<td width=\"202\">Savojna \u010dvrsto\u0107a<\/td>\n<td width=\"202\">min. 5,5 Mpa<\/td>\n<td width=\"202\">min. 4,0 Mpa<\/td>\n<\/tr>\n<tr>\n<td width=\"202\">Otpornost na habanje (B\u00f6hme-abrazija: mm\u00b3\/5000 mm\u00b2 )<\/td>\n<td width=\"202\">\u2264 10000<\/td>\n<td width=\"202\">\u2264 25000<\/td>\n<\/tr>\n<tr>\n<td width=\"202\">Otpornost na klizanje<\/td>\n<td width=\"202\">\u2265 60-11<\/td>\n<td width=\"202\">\u2265 60-11<\/td>\n<\/tr>\n<tr>\n<td width=\"202\">Otpornost na UV-zra\u010denje<\/td>\n<td width=\"202\">Minimalno povr\u0161insko po\u017eutenje.<\/td>\n<td width=\"202\">Minimalno povr\u0161insko po\u017eutenje.<\/td>\n<\/tr>\n<tr>\n<td width=\"202\">Otpornost na mraz &#8211; krunjenje<\/td>\n<td width=\"202\">max.\u00a0 50\u00a0 g\/m\u00b2<\/td>\n<td width=\"202\">max.\u00a0 50\u00a0 g\/m\u00b2<\/td>\n<\/tr>\n<tr>\n<td width=\"202\">Zatezna \u010dvrsto\u0107a na temperaturi od -20 do 3 C\u00b0<\/td>\n<td width=\"202\">2,83 N\/mm\u00b2<\/td>\n<td width=\"202\">2,83 N\/mm\u00b2<\/td>\n<\/tr>\n<tr>\n<td width=\"202\">Vodopropustljivost<\/td>\n<td width=\"202\">1800 l\/m<sup>2<\/sup>\/h<\/td>\n<td width=\"202\">1800 l\/m<sup>2<\/sup>\/h<\/td>\n<\/tr>\n<tr>\n<td width=\"202\">Te\u017eina<\/td>\n<td width=\"202\">50 kg\/m<sup>2<\/sup><\/td>\n<td width=\"202\">50 kg\/m<sup>2<\/sup><\/td>\n<\/tr>\n<\/tbody>\n<\/table>\n[\/vc_column_text][\/vc_column][\/vc_row][vc_row type=&#8221;full_width_background&#8221; full_screen_row_position=&#8221;middle&#8221; column_margin=&#8221;default&#8221; column_direction=&#8221;default&#8221; column_direction_tablet=&#8221;default&#8221; column_direction_phone=&#8221;default&#8221; bg_color=&#8221;#4f6f52&#8243; scene_position=&#8221;center&#8221; top_padding=&#8221;22&#8243; constrain_group_1=&#8221;yes&#8221; bottom_padding=&#8221;22&#8243; text_color=&#8221;custom&#8221; custom_text_color=&#8221;#f5efe6&#8243; text_align=&#8221;left&#8221; row_border_radius=&#8221;none&#8221; row_border_radius_applies=&#8221;bg&#8221; overlay_strength=&#8221;0.3&#8243; gradient_direction=&#8221;left_to_right&#8221; shape_divider_position=&#8221;bottom&#8221; bg_image_animation=&#8221;none&#8221; shape_type=&#8221;&#8221;][vc_column column_padding=&#8221;no-extra-padding&#8221; column_padding_tablet=&#8221;inherit&#8221; column_padding_phone=&#8221;inherit&#8221; column_padding_position=&#8221;all&#8221; column_element_spacing=&#8221;default&#8221; background_color_opacity=&#8221;1&#8243; background_hover_color_opacity=&#8221;1&#8243; column_shadow=&#8221;none&#8221; column_border_radius=&#8221;none&#8221; column_link_target=&#8221;_self&#8221; gradient_direction=&#8221;left_to_right&#8221; overlay_strength=&#8221;0.3&#8243; width=&#8221;1\/1&#8243; tablet_width_inherit=&#8221;default&#8221; tablet_text_alignment=&#8221;default&#8221; phone_text_alignment=&#8221;default&#8221; bg_image_animation=&#8221;none&#8221; border_type=&#8221;simple&#8221; column_border_width=&#8221;none&#8221; column_border_style=&#8221;solid&#8221;][nectar_animated_title heading_tag=&#8221;h1&#8243; style=&#8221;color-strip-reveal&#8221; color=&#8221;Extra-Color-3&#8243; text_color=&#8221;#4f6f52&#8243; text=&#8221;Boje&#8221;][vc_column_text]TerraWay se oslanja isklju\u010divo na prirodne agregate. U pore\u0111enju sa obojenim kamenjem, ovo pru\u017ea zna\u010dajnu prednost konzistentne boje koja se ne pogor\u0161ava tokom vremena. Podjednako, ovaj pristup izbegava potrebu za procesima koji zahtevaju puno resursa u smislu stvaranja, pobolj\u0161anja i izmene agregata. Ukoliko je neophodna upotreba alternativnih agregata, oni poti\u010du iz ciklusa ponovnog kori\u0161\u0107enja materijala, kao \u0161to su recikla\u017eni stakleni granulati, koji se zbog intenziteta boje i estetskih efekata ponekad koristi u dekorativne svrhe. Po\u0161to je TerraWay sertifikovan za LAGA Z0, stare povr\u0161ine se lako mogu reciklirati i ponovo uvesti u ciklus materijala. Ovo odr\u017eivo kori\u0161c\u0301enje resursa dovodi do cirkularne ekonomije i u skladu je sa na\u0161im op\u0161tim ciljem da obezbedimo odr\u017eivo re\u0161enje u gradnji.[\/vc_column_text][vc_gallery type=&#8221;image_grid&#8221; images=&#8221;48,47,46,45,44,43,42,41&#8243; image_grid_loading=&#8221;lazy-load&#8221; display_title_caption=&#8221;true&#8221; layout=&#8221;4&#8243; item_spacing=&#8221;1px&#8221; gallery_style=&#8221;2&#8243; load_in_animation=&#8221;none&#8221;][\/vc_column][\/vc_row][vc_row type=&#8221;in_container&#8221; full_screen_row_position=&#8221;middle&#8221; column_margin=&#8221;default&#8221; column_direction=&#8221;default&#8221; column_direction_tablet=&#8221;default&#8221; column_direction_phone=&#8221;default&#8221; scene_position=&#8221;center&#8221; top_padding=&#8221;44&#8243; constrain_group_1=&#8221;yes&#8221; bottom_padding=&#8221;44&#8243; text_color=&#8221;dark&#8221; text_align=&#8221;left&#8221; row_border_radius=&#8221;none&#8221; row_border_radius_applies=&#8221;bg&#8221; overlay_strength=&#8221;0.3&#8243; gradient_direction=&#8221;left_to_right&#8221; enable_shape_divider=&#8221;true&#8221; shape_divider_color=&#8221;#4f6f52&#8243; shape_divider_position=&#8221;top&#8221; shape_divider_bring_to_front=&#8221;true&#8221; bg_image_animation=&#8221;none&#8221; shape_type=&#8221;tilt&#8221;][vc_column column_padding=&#8221;no-extra-padding&#8221; column_padding_tablet=&#8221;inherit&#8221; column_padding_phone=&#8221;inherit&#8221; column_padding_position=&#8221;all&#8221; column_element_spacing=&#8221;default&#8221; background_color_opacity=&#8221;1&#8243; background_hover_color_opacity=&#8221;1&#8243; column_shadow=&#8221;none&#8221; column_border_radius=&#8221;none&#8221; column_link_target=&#8221;_self&#8221; gradient_direction=&#8221;left_to_right&#8221; overlay_strength=&#8221;0.3&#8243; width=&#8221;1\/1&#8243; tablet_width_inherit=&#8221;default&#8221; tablet_text_alignment=&#8221;default&#8221; phone_text_alignment=&#8221;default&#8221; bg_image_animation=&#8221;none&#8221; border_type=&#8221;simple&#8221; column_border_width=&#8221;none&#8221; column_border_style=&#8221;solid&#8221;][nectar_animated_title heading_tag=&#8221;h2&#8243; style=&#8221;hinge-drop&#8221; color=&#8221;Accent-Color&#8221; text_color=&#8221;#f5efe6&#8243; text=&#8221;Preporu\u010deni red slojeva&#8221;][toggles style=&#8221;default&#8221;][toggle color=&#8221;Extra-Color-1&#8243; title=&#8221;Za pe\u0161a\u010dku upotrebu&#8221;][vc_column_text]\n<ul>\n<li>2,5 cm TerraWay\u00ae sloj<\/li>\n<li>10 cm 4\/22 tucanik<\/li>\n<li>20 cm 0\/32 tucanik (zbijenost : 60 MN\/m\u00b2 )<\/li>\n<\/ul>\n[\/vc_column_text][\/toggle][toggle color=&#8221;Accent-Color&#8221; title=&#8221;Za slab promet vozila te\u017eine do 1,5 tone&#8221;][vc_column_text]\n<ul>\n<li>2,5 cm TerraWay\u00ae sloj<\/li>\n<li>10 cm 4\/22 tucanik<\/li>\n<li>20 cm 11\/22 tucanik (zbijenost: 75 MN\/m\u00b2)<\/li>\n<li>20 cm 0\/32 tucanik (zbijenost: 60 MN\/m\u00b2)<\/li>\n<\/ul>\n[\/vc_column_text][\/toggle][toggle color=&#8221;Default&#8221; title=&#8221;Za povremeni teretni saobra\u0107aj vozila te\u017eine do 3,5 tone&#8221;][vc_column_text]\n<ul>\n<li>4 cm TerraWay\u00ae sloj<\/li>\n<li>10 cm 4\/22 tucanik<\/li>\n<li>20 cm 11\/22 tucanik (zbijenost: 90 MN\/m\u00b2)<\/li>\n<li>30 cm 0\/32 tucanik (zbijenost: 60 MN\/m\u00b2)<\/li>\n<\/ul>\n[\/vc_column_text][\/toggle][toggle color=&#8221;Default&#8221; title=&#8221;Za povremeni teretni saobra\u0107aj vozila te\u017eine do 12 tone&#8221;][vc_column_text]\n<ul>\n<li>4 cm TerraWay\u00ae sloj<\/li>\n<li>10 cm 5\/11 tucanik<\/li>\n<li>30 cm 11\/22 tucanik (zbijenost: 90 MN\/m\u00b2)<\/li>\n<li>30 cm 0\/32 tucanik (zbijenost: 60 MN\/m\u00b2)<\/li>\n<\/ul>\n[\/vc_column_text][\/toggle][toggle color=&#8221;Default&#8221; title=&#8221;Za povremeni teretni saobra\u0107aj vozila te\u017eine do 18 tone&#8221;][vc_column_text]\n<ul>\n<li>4 cm TerraWay\u00ae sloj<\/li>\n<li>10 cm 4\/22 tucanik<\/li>\n<li>30 cm 11\/22 tucanik (zbijenost \u00a0: 120 MN\/m\u00b2 )<\/li>\n<li>40 cm 0\/32 tucanik (zbijenost \u00a0: 90 MN\/m\u00b2 )<\/li>\n<\/ul>\n[\/vc_column_text][\/toggle][\/toggles][nectar_animated_title heading_tag=&#8221;h2&#8243; style=&#8221;hinge-drop&#8221; color=&#8221;Accent-Color&#8221; text_color=&#8221;#f5efe6&#8243; text=&#8221;Preseci&#8221;][vc_gallery type=&#8221;image_grid&#8221; images=&#8221;166,167,168&#8243; image_grid_loading=&#8221;default&#8221; display_title_caption=&#8221;true&#8221; layout=&#8221;3&#8243; item_spacing=&#8221;2px&#8221; gallery_style=&#8221;4&#8243; load_in_animation=&#8221;none&#8221;][\/vc_column][\/vc_row][vc_row type=&#8221;in_container&#8221; full_screen_row_position=&#8221;middle&#8221; column_margin=&#8221;default&#8221; column_direction=&#8221;default&#8221; column_direction_tablet=&#8221;default&#8221; column_direction_phone=&#8221;default&#8221; bg_color=&#8221;#4f6f52&#8243; scene_position=&#8221;center&#8221; top_padding=&#8221;77&#8243; constrain_group_1=&#8221;yes&#8221; bottom_padding=&#8221;77&#8243; text_color=&#8221;custom&#8221; custom_text_color=&#8221;#f5efe6&#8243; text_align=&#8221;left&#8221; row_border_radius=&#8221;none&#8221; row_border_radius_applies=&#8221;bg&#8221; overlay_strength=&#8221;0.3&#8243; gradient_direction=&#8221;left_to_right&#8221; enable_shape_divider=&#8221;true&#8221; shape_divider_color=&#8221;#f5efe6&#8243; shape_divider_position=&#8221;both&#8221; shape_divider_height=&#8221;77&#8243; shape_divider_bring_to_front=&#8221;true&#8221; bg_image_animation=&#8221;none&#8221; shape_type=&#8221;tilt&#8221;][vc_column column_padding=&#8221;no-extra-padding&#8221; column_padding_tablet=&#8221;inherit&#8221; column_padding_phone=&#8221;inherit&#8221; column_padding_position=&#8221;all&#8221; column_element_spacing=&#8221;default&#8221; background_color_opacity=&#8221;1&#8243; background_hover_color_opacity=&#8221;1&#8243; column_shadow=&#8221;none&#8221; column_border_radius=&#8221;none&#8221; column_link_target=&#8221;_self&#8221; gradient_direction=&#8221;left_to_right&#8221; overlay_strength=&#8221;0.3&#8243; width=&#8221;1\/2&#8243; tablet_width_inherit=&#8221;default&#8221; tablet_text_alignment=&#8221;default&#8221; phone_text_alignment=&#8221;default&#8221; bg_image_animation=&#8221;none&#8221; border_type=&#8221;simple&#8221; column_border_width=&#8221;none&#8221; column_border_style=&#8221;solid&#8221;][nectar_animated_title heading_tag=&#8221;h2&#8243; style=&#8221;color-strip-reveal&#8221; color=&#8221;Extra-Color-3&#8243; text_color=&#8221;#4f6f52&#8243; text=&#8221;Slojevi&#8221;][nectar_image_with_hotspots image=&#8221;117&#8243; preview=&#8221;http:\/\/terraway.rs\/wp-content\/uploads\/2024\/05\/prikaz_slojeva.png&#8221; color_1=&#8221;Accent-Color&#8221; hotspot_icon=&#8221;plus_sign&#8221; tooltip=&#8221;hover&#8221; tooltip_shadow=&#8221;none&#8221;][nectar_hotspot left=&#8221;73.87867647058823%&#8221; top=&#8221;90.83038015463917%&#8221; position=&#8221;top&#8221;]Zemlja[\/nectar_hotspot][nectar_hotspot left=&#8221;73.1764705882353%&#8221; top=&#8221;77.94378221649485%&#8221; position=&#8221;top&#8221;]Tucanik[\/nectar_hotspot][nectar_hotspot left=&#8221;28.231617647058822%&#8221; top=&#8221;53.716978092783506%&#8221; position=&#8221;top&#8221;]Beton[\/nectar_hotspot][nectar_hotspot left=&#8221;28.4706%&#8221; top=&#8221;27.1706%&#8221; position=&#8221;top&#8221;]Ivi\u010dnjak[\/nectar_hotspot][nectar_hotspot left=&#8221;72.70220588235294%&#8221; top=&#8221;57.32522551546392%&#8221; position=&#8221;top&#8221;]Rizla[\/nectar_hotspot][nectar_hotspot left=&#8221;72.23161764705883%&#8221; top=&#8221;45.46955541237113%&#8221; position=&#8221;top&#8221;]TerraWay[\/nectar_hotspot][\/nectar_image_with_hotspots][\/vc_column][vc_column column_padding=&#8221;padding-8-percent&#8221; column_padding_tablet=&#8221;inherit&#8221; column_padding_phone=&#8221;inherit&#8221; column_padding_position=&#8221;top&#8221; column_element_spacing=&#8221;default&#8221; background_color_opacity=&#8221;1&#8243; background_hover_color_opacity=&#8221;1&#8243; font_color=&#8221;#f5efe6&#8243; column_shadow=&#8221;none&#8221; column_border_radius=&#8221;none&#8221; column_link_target=&#8221;_self&#8221; gradient_direction=&#8221;left_to_right&#8221; overlay_strength=&#8221;0.3&#8243; width=&#8221;1\/2&#8243; tablet_width_inherit=&#8221;default&#8221; tablet_text_alignment=&#8221;default&#8221; phone_text_alignment=&#8221;default&#8221; bg_image_animation=&#8221;none&#8221; border_type=&#8221;simple&#8221; column_border_width=&#8221;none&#8221; column_border_style=&#8221;solid&#8221;][vc_column_text css_animation=&#8221;slideInRight&#8221; css=&#8221;.vc_custom_1716423107314{padding-top: 77px !important;padding-left: 44px !important;}&#8221;]\n<h3>Ugradnja na licu mesta u obliku monolitne strukture. Kori\u0161\u0107enjem raznih vrsta prirodnih kamena mo\u017ee se posti\u0107i raznolika povr\u0161ina. Optimalna temperatura za izvo\u0111enje radova preko 10 C\u00b0.\u00a0 Vezivanje materijala na 20 \u00baC stepeni je 6-8 sati, maksimalna opteretljivost posle 3 dana.<\/h3>\n[\/vc_column_text][\/vc_column][\/vc_row][vc_row type=&#8221;in_container&#8221; full_screen_row_position=&#8221;middle&#8221; column_margin=&#8221;default&#8221; column_direction=&#8221;default&#8221; column_direction_tablet=&#8221;default&#8221; column_direction_phone=&#8221;default&#8221; scene_position=&#8221;center&#8221; top_padding=&#8221;44&#8243; bottom_padding=&#8221;77&#8243; text_color=&#8221;dark&#8221; text_align=&#8221;left&#8221; row_border_radius=&#8221;none&#8221; row_border_radius_applies=&#8221;bg&#8221; overlay_strength=&#8221;0.3&#8243; gradient_direction=&#8221;left_to_right&#8221; enable_shape_divider=&#8221;true&#8221; shape_divider_color=&#8221;#4f6f52&#8243; shape_divider_position=&#8221;bottom&#8221; shape_divider_height=&#8221;44&#8243; shape_divider_bring_to_front=&#8221;true&#8221; bg_image_animation=&#8221;none&#8221; shape_type=&#8221;tilt&#8221;][vc_column column_padding=&#8221;no-extra-padding&#8221; column_padding_tablet=&#8221;inherit&#8221; column_padding_phone=&#8221;inherit&#8221; column_padding_position=&#8221;all&#8221; column_element_spacing=&#8221;default&#8221; background_color_opacity=&#8221;1&#8243; background_hover_color_opacity=&#8221;1&#8243; column_shadow=&#8221;none&#8221; column_border_radius=&#8221;none&#8221; column_link_target=&#8221;_self&#8221; gradient_direction=&#8221;left_to_right&#8221; overlay_strength=&#8221;0.3&#8243; width=&#8221;1\/1&#8243; tablet_width_inherit=&#8221;default&#8221; tablet_text_alignment=&#8221;default&#8221; phone_text_alignment=&#8221;default&#8221; bg_image_animation=&#8221;none&#8221; border_type=&#8221;simple&#8221; column_border_width=&#8221;none&#8221; column_border_style=&#8221;solid&#8221;][nectar_animated_title heading_tag=&#8221;h2&#8243; style=&#8221;color-strip-reveal&#8221; color=&#8221;Extra-Color-1&#8243; text_color=&#8221;#f5efe6&#8243; text=&#8221;Faze rada&#8221;][vc_column_text]\n<h6>Formiranje TerraWay povr\u0161ina vr\u0161i se na pripremljenom terenu, koji je ogra\u0111en ivi\u010dnjacima stabilizovanim pomo\u0107u betona. Za ivi\u010denje koriste se\u00a0\u00a0betonski ili metalni (I-profil, visina min. 15 cm, debljina 4 mm) ivi\u010dnjaci. Temeljni sloj se sastoji od vi\u0161e slojeva sabijenog tucanika. Temeljnu konstukciju treba napuniti do 2,5 cm do ivice ivi\u010dnjaka. Zavr\u0161na faza je izlivanje TerraWay obloge u debljini od 2,5 cm. Materijal se dobija me\u0161anjem silikatne rizle u granulaciji od 2\/4 mm i dvokomponentne ve\u0161ta\u010dke smole, koja je namenski razvijena za upotrebu pri izgradnji puteva. Na povr\u0161inama vr\u0161i se rastere\u0107enje materijala, putem prosecanja dilatacionih fuga na svakih 5 metara razdaljine ili ugradnjom aluminijskih T-profila.<\/h6>\n[\/vc_column_text][vc_gallery type=&#8221;image_grid&#8221; images=&#8221;190,191,192,193,198,200&#8243; image_grid_loading=&#8221;default&#8221; display_title_caption=&#8221;true&#8221; layout=&#8221;3&#8243; item_spacing=&#8221;1px&#8221; gallery_style=&#8221;4&#8243; load_in_animation=&#8221;none&#8221;][\/vc_column][\/vc_row]\n","protected":false},"excerpt":{"rendered":"<p>[vc_row type=&#8221;full_width_background&#8221; full_screen_row_position=&#8221;middle&#8221; column_margin=&#8221;default&#8221; column_direction=&#8221;default&#8221; column_direction_tablet=&#8221;default&#8221; column_direction_phone=&#8221;default&#8221; bg_image=&#8221;152&#8243; bg_position=&#8221;center center&#8221; background_image_loading=&#8221;skip-lazy-load&#8221; bg_repeat=&#8221;no-repeat&#8221; scene_position=&#8221;center&#8221; top_padding=&#8221;22&#8243; bottom_padding=&#8221;111&#8243; top_padding_tablet=&#8221;30%&#8221; constrain_group_3=&#8221;yes&#8221; bottom_padding_tablet=&#8221;30%&#8221; top_padding_phone=&#8221;40%&#8221; constrain_group_5=&#8221;yes&#8221; bottom_padding_phone=&#8221;40%&#8221; text_color=&#8221;custom&#8221; text_align=&#8221;left&#8221; row_border_radius=&#8221;none&#8221; row_border_radius_applies=&#8221;bg&#8221; color_overlay=&#8221;#000000&#8243; overlay_strength=&#8221;0.3&#8243; gradient_direction=&#8221;radial&#8221; enable_shape_divider=&#8221;true&#8221; shape_divider_color=&#8221;#4f6f52&#8243;&#8230;<\/p>\n","protected":false},"author":1,"featured_media":0,"parent":0,"menu_order":0,"comment_status":"closed","ping_status":"closed","template":"","meta":{"footnotes":""},"class_list":["post-151","page","type-page","status-publish"],"_links":{"self":[{"href":"https:\/\/terraway.rs\/index.php?rest_route=\/wp\/v2\/pages\/151","targetHints":{"allow":["GET"]}}],"collection":[{"href":"https:\/\/terraway.rs\/index.php?rest_route=\/wp\/v2\/pages"}],"about":[{"href":"https:\/\/terraway.rs\/index.php?rest_route=\/wp\/v2\/types\/page"}],"author":[{"embeddable":true,"href":"https:\/\/terraway.rs\/index.php?rest_route=\/wp\/v2\/users\/1"}],"replies":[{"embeddable":true,"href":"https:\/\/terraway.rs\/index.php?rest_route=%2Fwp%2Fv2%2Fcomments&post=151"}],"version-history":[{"count":64,"href":"https:\/\/terraway.rs\/index.php?rest_route=\/wp\/v2\/pages\/151\/revisions"}],"predecessor-version":[{"id":441,"href":"https:\/\/terraway.rs\/index.php?rest_route=\/wp\/v2\/pages\/151\/revisions\/441"}],"wp:attachment":[{"href":"https:\/\/terraway.rs\/index.php?rest_route=%2Fwp%2Fv2%2Fmedia&parent=151"}],"curies":[{"name":"wp","href":"https:\/\/api.w.org\/{rel}","templated":true}]}}